{"id":3,"date":"2020-02-10T18:06:16","date_gmt":"2020-02-10T17:06:16","guid":{"rendered":"http:\/\/lapature.fr\/?page_id=3"},"modified":"2026-02-10T08:12:21","modified_gmt":"2026-02-10T07:12:21","slug":"mentions-legales","status":"publish","type":"page","link":"https:\/\/lapature.fr\/index.php\/mentions-legales\/","title":{"rendered":"MENTIONS LEGALES"},"content":{"rendered":"\n<p class=\"has-text-color has-text-align-left has-very-dark-gray-color\"><p>Le pr\u00e9sent site Internet \u00ab\u00a0www.lapature.fr\u00a0\u00bb est la propri\u00e9t\u00e9 de la Soci\u00e9t\u00e9 <br>SAS LAPATURE, dont le si\u00e8ge social est situ\u00e9<br>rue Andr\u00e9 Toutain &#8211; D211 &#8211; 76111 Yport,<br>immatricul\u00e9 sous le num\u00e9ro 819&nbsp;453&nbsp;853, et sous le num\u00e9ro <br>TVA intracommunautaire &nbsp;FR 70 819453853.&nbsp;<br>T\u00e9l\u00e9phone 02 27 30 68 03,&nbsp;email : contact@lapature.fr, <br>le directeur de la publication est Jean-Charles Recher, <br>ayant la qualit\u00e9 de Pr\u00e9sident de la soci\u00e9t\u00e9 SAS LA PATURE.&nbsp;<\/p><\/p>\n\n\n\n<p class=\"has-text-color has-text-align-left has-very-dark-gray-color\"><p>Informations relatives \u00e0 l\u2019h\u00e9bergeur\u00a0: Soci\u00e9t\u00e9 OVH <br>dont le si\u00e8ge social est situ\u00e9 2 rue kellermann &#8211; BP 80157<br>59053 ROUBAIX CEDEX 1 &#8211;\u00a0T\u00e9l\u00e9phone 09 72 10 10 07<\/p><\/p>\n\n\n\n<p><\/p>\n\n\n\n<p class=\"has-small-font-size\"><em><a href=\"https:\/\/lapature.fr\/wp-login.php\" type=\"link\" id=\"https:\/\/lapature.fr\/wp-login.php\">EDIT MODE<\/a><\/em><\/p>\n\n\n\n<p><\/p>\n","protected":false},"excerpt":{"rendered":"<p>Le pr\u00e9sent site Internet \u00ab\u00a0www.lapature.fr\u00a0\u00bb est la propri\u00e9t\u00e9 de la Soci\u00e9t\u00e9 SAS LAPATURE, dont le si\u00e8ge social est situ\u00e9rue Andr\u00e9 Toutain &#8211; D211 &#8211; 76111 Yport,immatricul\u00e9 sous le num\u00e9ro 819&nbsp;453&nbsp;853, et sous le num\u00e9ro TVA intracommunautaire &nbsp;FR 70 819453853.&nbsp;T\u00e9l\u00e9phone 02 27 30 68 03,&nbsp;email : &hellip; <\/p>\n","protected":false},"author":1,"featured_media":0,"parent":0,"menu_order":0,"comment_status":"closed","ping_status":"closed","template":"","meta":{"footnotes":""},"class_list":["post-3","page","type-page","status-publish","hentry","latest_post"],"_links":{"self":[{"href":"https:\/\/lapature.fr\/index.php\/wp-json\/wp\/v2\/pages\/3","targetHints":{"allow":["GET"]}}],"collection":[{"href":"https:\/\/lapature.fr\/index.php\/wp-json\/wp\/v2\/pages"}],"about":[{"href":"https:\/\/lapature.fr\/index.php\/wp-json\/wp\/v2\/types\/page"}],"author":[{"embeddable":true,"href":"https:\/\/lapature.fr\/index.php\/wp-json\/wp\/v2\/users\/1"}],"replies":[{"embeddable":true,"href":"https:\/\/lapature.fr\/index.php\/wp-json\/wp\/v2\/comments?post=3"}],"version-history":[{"count":28,"href":"https:\/\/lapature.fr\/index.php\/wp-json\/wp\/v2\/pages\/3\/revisions"}],"predecessor-version":[{"id":1295,"href":"https:\/\/lapature.fr\/index.php\/wp-json\/wp\/v2\/pages\/3\/revisions\/1295"}],"wp:attachment":[{"href":"https:\/\/lapature.fr\/index.php\/wp-json\/wp\/v2\/media?parent=3"}],"curies":[{"name":"wp","href":"https:\/\/api.w.org\/{rel}","templated":true}]}}