{"id":601,"date":"2020-03-21T10:44:14","date_gmt":"2020-03-21T09:44:14","guid":{"rendered":"https:\/\/lapature.fr\/?page_id=601"},"modified":"2022-02-07T09:26:55","modified_gmt":"2022-02-07T08:26:55","slug":"elementor-601","status":"publish","type":"page","link":"https:\/\/lapature.fr\/","title":{"rendered":"ACCUEIL"},"content":{"rendered":"<h2>Suite \u00e0 la d\u00e9cision du gouvernement sur le Covid19,le camping sera ferm\u00e9 jusqu&rsquo;\u00e0 nouvel ordre\u2026<\/h2>\n<h3>Notre plage<\/h3>\n<p>La Plage d&rsquo;Yport est un lieu de loisir \u00e0 d\u00e9couvrir pendant&nbsp;vos vacances.<\/p>\n<p><img fetchpriority=\"high\" decoding=\"async\" width=\"598\" height=\"399\" src=\"https:\/\/lapature.fr\/wp-content\/uploads\/2020\/02\/4371.jpg\" alt=\"\" srcset=\"https:\/\/lapature.fr\/wp-content\/uploads\/2020\/02\/4371.jpg 598w, https:\/\/lapature.fr\/wp-content\/uploads\/2020\/02\/4371-300x200.jpg 300w\" sizes=\"(max-width: 598px) 100vw, 598px\"><br \/>\n<img decoding=\"async\" width=\"598\" height=\"399\" src=\"https:\/\/lapature.fr\/wp-content\/uploads\/2020\/02\/4369.jpg\" alt=\"\" srcset=\"https:\/\/lapature.fr\/wp-content\/uploads\/2020\/02\/4369.jpg 598w, https:\/\/lapature.fr\/wp-content\/uploads\/2020\/02\/4369-300x200.jpg 300w\" sizes=\"(max-width: 598px) 100vw, 598px\"><\/p>\n<h3>Nos Hautes Falaises<\/h3>\n<p>Un endroit incontournable de notre r\u00e9gion.<\/p>\n<h3>Notre village d&rsquo;Yport<\/h3>\n<p>Situ\u00e9e \u00e0 Yport, au coeur du Pays des Hautes&nbsp;Falaises \u00e0 500 m de la plage et 200 m du&nbsp;village et de ses commerces.&nbsp;<\/p>\n<p>Cette aire naturelle de camping privil\u00e9gie en&nbsp;partie une belle vue sur la mer et une autre&nbsp;partie campagne, sur un terrain<br \/>\nde 12 000 m2.<\/p>\n<p><img decoding=\"async\" width=\"598\" height=\"399\" src=\"https:\/\/lapature.fr\/wp-content\/uploads\/2020\/02\/4341.jpg\" alt=\"\" srcset=\"https:\/\/lapature.fr\/wp-content\/uploads\/2020\/02\/4341.jpg 598w, https:\/\/lapature.fr\/wp-content\/uploads\/2020\/02\/4341-300x200.jpg 300w\" sizes=\"(max-width: 598px) 100vw, 598px\"><br \/>\n<iframe title=\"Camping  La Pature  HD\" width=\"910\" height=\"512\" src=\"https:\/\/www.youtube.com\/embed\/OCpQ_WiUr2g?start=7&#038;feature=oembed\" frameborder=\"0\" allow=\"accelerometer; autoplay; clipboard-write; encrypted-media; gyroscope; picture-in-picture\" allowfullscreen><\/iframe><\/p>\n","protected":false},"excerpt":{"rendered":"<p>Suite \u00e0 la d\u00e9cision du gouvernement sur le Covid19,le camping sera ferm\u00e9 jusqu&rsquo;\u00e0 nouvel ordre\u2026 Notre plage La Plage d&rsquo;Yport est un lieu de loisir \u00e0 d\u00e9couvrir pendant&nbsp;vos vacances. Nos Hautes Falaises Un endroit incontournable de notre r\u00e9gion. Notre village d&rsquo;Yport Situ\u00e9e \u00e0 Yport, au &hellip; <\/p>\n","protected":false},"author":1,"featured_media":0,"parent":0,"menu_order":0,"comment_status":"closed","ping_status":"closed","template":"","meta":{"footnotes":""},"class_list":["post-601","page","type-page","status-publish","hentry","latest_post"],"_links":{"self":[{"href":"https:\/\/lapature.fr\/index.php\/wp-json\/wp\/v2\/pages\/601","targetHints":{"allow":["GET"]}}],"collection":[{"href":"https:\/\/lapature.fr\/index.php\/wp-json\/wp\/v2\/pages"}],"about":[{"href":"https:\/\/lapature.fr\/index.php\/wp-json\/wp\/v2\/types\/page"}],"author":[{"embeddable":true,"href":"https:\/\/lapature.fr\/index.php\/wp-json\/wp\/v2\/users\/1"}],"replies":[{"embeddable":true,"href":"https:\/\/lapature.fr\/index.php\/wp-json\/wp\/v2\/comments?post=601"}],"version-history":[{"count":84,"href":"https:\/\/lapature.fr\/index.php\/wp-json\/wp\/v2\/pages\/601\/revisions"}],"predecessor-version":[{"id":1149,"href":"https:\/\/lapature.fr\/index.php\/wp-json\/wp\/v2\/pages\/601\/revisions\/1149"}],"wp:attachment":[{"href":"https:\/\/lapature.fr\/index.php\/wp-json\/wp\/v2\/media?parent=601"}],"curies":[{"name":"wp","href":"https:\/\/api.w.org\/{rel}","templated":true}]}}